{"id":62358,"date":"2022-12-04T12:00:00","date_gmt":"2022-12-04T11:00:00","guid":{"rendered":"https:\/\/www.bahina.com\/product\/boucles-doreilles-or-jaune-18-ct-140\/"},"modified":"2024-11-07T13:06:32","modified_gmt":"2024-11-07T12:06:32","slug":"boucles-doreilles-or-jaune-18-ct-140","status":"publish","type":"product","link":"https:\/\/www.bahina.com\/fr\/produit\/boucles-doreilles-or-jaune-18-ct-140\/","title":{"rendered":"Boucles d&#8217;oreilles or jaune 18 ct"},"content":{"rendered":"","protected":false},"excerpt":{"rendered":"<p>avec cam\u00e9es rouges en verre v\u00e9nitien, grenat, cornaline, citrine, p\u00e9ridot, topaze bleue, iolite et am\u00e9thyste<\/p>\n","protected":false},"featured_media":55457,"template":"","meta":[],"product_brand":[238,242],"product_cat":[221,227],"product_tag":[],"product_colors":[278,280,472],"class_list":{"0":"post-62358","1":"product","2":"type-product","3":"status-publish","4":"has-post-thumbnail","6":"product_brand-bijoux","7":"product_brand-antigua-fr","8":"product_cat-bijoux","9":"product_cat-boucles-doreilles","10":"product_colors-or","11":"product_colors-or-jaune","12":"product_colors-multicolor-fr","15":"first","16":"outofstock","17":"purchasable","18":"product-type-simple"},"_links":{"self":[{"href":"https:\/\/www.bahina.com\/fr\/wp-json\/wp\/v2\/product\/62358","targetHints":{"allow":["GET"]}}],"collection":[{"href":"https:\/\/www.bahina.com\/fr\/wp-json\/wp\/v2\/product"}],"about":[{"href":"https:\/\/www.bahina.com\/fr\/wp-json\/wp\/v2\/types\/product"}],"wp:featuredmedia":[{"embeddable":true,"href":"https:\/\/www.bahina.com\/fr\/wp-json\/wp\/v2\/media\/55457"}],"wp:attachment":[{"href":"https:\/\/www.bahina.com\/fr\/wp-json\/wp\/v2\/media?parent=62358"}],"wp:term":[{"taxonomy":"product_brand","embeddable":true,"href":"https:\/\/www.bahina.com\/fr\/wp-json\/wp\/v2\/product_brand?post=62358"},{"taxonomy":"product_cat","embeddable":true,"href":"https:\/\/www.bahina.com\/fr\/wp-json\/wp\/v2\/product_cat?post=62358"},{"taxonomy":"product_tag","embeddable":true,"href":"https:\/\/www.bahina.com\/fr\/wp-json\/wp\/v2\/product_tag?post=62358"},{"taxonomy":"product_colors","embeddable":true,"href":"https:\/\/www.bahina.com\/fr\/wp-json\/wp\/v2\/product_colors?post=62358"}],"curies":[{"name":"wp","href":"https:\/\/api.w.org\/{rel}","templated":true}]}}