{"id":62444,"date":"2023-03-02T12:00:00","date_gmt":"2023-03-02T11:00:00","guid":{"rendered":"https:\/\/www.bahina.com\/product\/bracelet-or-jaune-18-ct-24\/"},"modified":"2024-10-17T13:00:36","modified_gmt":"2024-10-17T11:00:36","slug":"bracelet-or-jaune-18-ct-24","status":"publish","type":"product","link":"https:\/\/www.bahina.com\/fr\/produit\/bracelet-or-jaune-18-ct-24\/","title":{"rendered":"Bracelet or jaune 18 ct"},"content":{"rendered":"","protected":false},"excerpt":{"rendered":"<p>avec tanzanite, \u00e9meraude, rubis trait\u00e9, labradorite, calc\u00e9doine et pierre de lune arc-en-ciel<\/p>\n","protected":false},"featured_media":55670,"template":"","meta":[],"product_brand":[238,243],"product_cat":[221,223,413],"product_tag":[],"product_colors":[278,280,472],"class_list":{"0":"post-62444","1":"product","2":"type-product","3":"status-publish","4":"has-post-thumbnail","6":"product_brand-bijoux","7":"product_brand-goldrush-fr","8":"product_cat-bijoux","9":"product_cat-bracelets-fr","10":"product_cat-piece-unique","11":"product_colors-or","12":"product_colors-or-jaune","13":"product_colors-multicolor-fr","16":"first","17":"outofstock","18":"purchasable","19":"product-type-simple"},"_links":{"self":[{"href":"https:\/\/www.bahina.com\/fr\/wp-json\/wp\/v2\/product\/62444","targetHints":{"allow":["GET"]}}],"collection":[{"href":"https:\/\/www.bahina.com\/fr\/wp-json\/wp\/v2\/product"}],"about":[{"href":"https:\/\/www.bahina.com\/fr\/wp-json\/wp\/v2\/types\/product"}],"wp:featuredmedia":[{"embeddable":true,"href":"https:\/\/www.bahina.com\/fr\/wp-json\/wp\/v2\/media\/55670"}],"wp:attachment":[{"href":"https:\/\/www.bahina.com\/fr\/wp-json\/wp\/v2\/media?parent=62444"}],"wp:term":[{"taxonomy":"product_brand","embeddable":true,"href":"https:\/\/www.bahina.com\/fr\/wp-json\/wp\/v2\/product_brand?post=62444"},{"taxonomy":"product_cat","embeddable":true,"href":"https:\/\/www.bahina.com\/fr\/wp-json\/wp\/v2\/product_cat?post=62444"},{"taxonomy":"product_tag","embeddable":true,"href":"https:\/\/www.bahina.com\/fr\/wp-json\/wp\/v2\/product_tag?post=62444"},{"taxonomy":"product_colors","embeddable":true,"href":"https:\/\/www.bahina.com\/fr\/wp-json\/wp\/v2\/product_colors?post=62444"}],"curies":[{"name":"wp","href":"https:\/\/api.w.org\/{rel}","templated":true}]}}