{"id":62590,"date":"2023-05-05T12:00:00","date_gmt":"2023-05-05T10:00:00","guid":{"rendered":"https:\/\/www.bahina.com\/product\/pendentif-or-jaune-18-ct\/"},"modified":"2024-10-17T13:01:55","modified_gmt":"2024-10-17T11:01:55","slug":"pendentif-or-jaune-18-ct","status":"publish","type":"product","link":"https:\/\/www.bahina.com\/fr\/produit\/pendentif-or-jaune-18-ct\/","title":{"rendered":"Pendentif or jaune 18 ct"},"content":{"rendered":"","protected":false},"excerpt":{"rendered":"<p>avec p\u00e9ridot, am\u00e9thyste, saphir bleu, rubis trait\u00e9 et cam\u00e9e turquoise en verre v\u00e9nitien, longueur:  8.5cm\/3.4&#8243;<\/p>\n","protected":false},"featured_media":55998,"template":"","meta":[],"product_brand":[238,242],"product_cat":[221,222,413],"product_tag":[],"product_colors":[472,278,280],"class_list":{"0":"post-62590","1":"product","2":"type-product","3":"status-publish","4":"has-post-thumbnail","6":"product_brand-bijoux","7":"product_brand-antigua-fr","8":"product_cat-bijoux","9":"product_cat-pendentifs","10":"product_cat-piece-unique","11":"product_colors-multicolor-fr","12":"product_colors-or","13":"product_colors-or-jaune","16":"first","17":"outofstock","18":"purchasable","19":"product-type-simple"},"_links":{"self":[{"href":"https:\/\/www.bahina.com\/fr\/wp-json\/wp\/v2\/product\/62590","targetHints":{"allow":["GET"]}}],"collection":[{"href":"https:\/\/www.bahina.com\/fr\/wp-json\/wp\/v2\/product"}],"about":[{"href":"https:\/\/www.bahina.com\/fr\/wp-json\/wp\/v2\/types\/product"}],"wp:featuredmedia":[{"embeddable":true,"href":"https:\/\/www.bahina.com\/fr\/wp-json\/wp\/v2\/media\/55998"}],"wp:attachment":[{"href":"https:\/\/www.bahina.com\/fr\/wp-json\/wp\/v2\/media?parent=62590"}],"wp:term":[{"taxonomy":"product_brand","embeddable":true,"href":"https:\/\/www.bahina.com\/fr\/wp-json\/wp\/v2\/product_brand?post=62590"},{"taxonomy":"product_cat","embeddable":true,"href":"https:\/\/www.bahina.com\/fr\/wp-json\/wp\/v2\/product_cat?post=62590"},{"taxonomy":"product_tag","embeddable":true,"href":"https:\/\/www.bahina.com\/fr\/wp-json\/wp\/v2\/product_tag?post=62590"},{"taxonomy":"product_colors","embeddable":true,"href":"https:\/\/www.bahina.com\/fr\/wp-json\/wp\/v2\/product_colors?post=62590"}],"curies":[{"name":"wp","href":"https:\/\/api.w.org\/{rel}","templated":true}]}}