{"id":62787,"date":"2023-10-08T12:00:00","date_gmt":"2023-10-08T10:00:00","guid":{"rendered":"https:\/\/www.bahina.com\/product\/bague-or-jaune-18-ct-4\/"},"modified":"2024-10-17T13:03:58","modified_gmt":"2024-10-17T11:03:58","slug":"bague-or-jaune-18-ct-4","status":"publish","type":"product","link":"https:\/\/www.bahina.com\/fr\/produit\/bague-or-jaune-18-ct-4\/","title":{"rendered":"Bague or jaune 18 ct"},"content":{"rendered":"","protected":false},"excerpt":{"rendered":"<p>avec quartz rose, grenat, am\u00e9thyste, iolite, topaze bleu-londres et p\u00e9ridot, taille: 53, diam\u00e8tre: 4.5cm\/1.8&#8243;<\/p>\n","protected":false},"featured_media":56454,"template":"","meta":[],"product_brand":[238,243],"product_cat":[221,225,413],"product_tag":[],"product_colors":[278,280,472],"class_list":{"0":"post-62787","1":"product","2":"type-product","3":"status-publish","4":"has-post-thumbnail","6":"product_brand-bijoux","7":"product_brand-goldrush-fr","8":"product_cat-bijoux","9":"product_cat-bagues-de-doigt","10":"product_cat-piece-unique","11":"product_colors-or","12":"product_colors-or-jaune","13":"product_colors-multicolor-fr","16":"first","17":"outofstock","18":"purchasable","19":"product-type-simple"},"_links":{"self":[{"href":"https:\/\/www.bahina.com\/fr\/wp-json\/wp\/v2\/product\/62787","targetHints":{"allow":["GET"]}}],"collection":[{"href":"https:\/\/www.bahina.com\/fr\/wp-json\/wp\/v2\/product"}],"about":[{"href":"https:\/\/www.bahina.com\/fr\/wp-json\/wp\/v2\/types\/product"}],"wp:featuredmedia":[{"embeddable":true,"href":"https:\/\/www.bahina.com\/fr\/wp-json\/wp\/v2\/media\/56454"}],"wp:attachment":[{"href":"https:\/\/www.bahina.com\/fr\/wp-json\/wp\/v2\/media?parent=62787"}],"wp:term":[{"taxonomy":"product_brand","embeddable":true,"href":"https:\/\/www.bahina.com\/fr\/wp-json\/wp\/v2\/product_brand?post=62787"},{"taxonomy":"product_cat","embeddable":true,"href":"https:\/\/www.bahina.com\/fr\/wp-json\/wp\/v2\/product_cat?post=62787"},{"taxonomy":"product_tag","embeddable":true,"href":"https:\/\/www.bahina.com\/fr\/wp-json\/wp\/v2\/product_tag?post=62787"},{"taxonomy":"product_colors","embeddable":true,"href":"https:\/\/www.bahina.com\/fr\/wp-json\/wp\/v2\/product_colors?post=62787"}],"curies":[{"name":"wp","href":"https:\/\/api.w.org\/{rel}","templated":true}]}}