{"id":62911,"date":"2023-11-07T12:00:00","date_gmt":"2023-11-07T11:00:00","guid":{"rendered":"https:\/\/www.bahina.com\/product\/boucles-doreilles-or-blanc-18-ct-63\/"},"modified":"2024-11-07T13:04:00","modified_gmt":"2024-11-07T12:04:00","slug":"boucles-doreilles-or-blanc-18-ct-63","status":"publish","type":"product","link":"https:\/\/www.bahina.com\/fr\/produit\/boucles-doreilles-or-blanc-18-ct-63\/","title":{"rendered":"Boucles d&#8217;oreilles or blanc 18 ct"},"content":{"rendered":"","protected":false},"excerpt":{"rendered":"<p>avec am\u00e9thyste et cam\u00e9e bleu clair en verre v\u00e9nitien et nacre, longueur: 3cm\/1.18&#8243;<\/p>\n","protected":false},"featured_media":56710,"template":"","meta":[],"product_brand":[238,242],"product_cat":[221,227],"product_tag":[],"product_colors":[278,279,472],"class_list":{"0":"post-62911","1":"product","2":"type-product","3":"status-publish","4":"has-post-thumbnail","6":"product_brand-bijoux","7":"product_brand-antigua-fr","8":"product_cat-bijoux","9":"product_cat-boucles-doreilles","10":"product_colors-or","11":"product_colors-or-blanc","12":"product_colors-multicolor-fr","15":"first","16":"instock","17":"purchasable","18":"product-type-simple"},"_links":{"self":[{"href":"https:\/\/www.bahina.com\/fr\/wp-json\/wp\/v2\/product\/62911","targetHints":{"allow":["GET"]}}],"collection":[{"href":"https:\/\/www.bahina.com\/fr\/wp-json\/wp\/v2\/product"}],"about":[{"href":"https:\/\/www.bahina.com\/fr\/wp-json\/wp\/v2\/types\/product"}],"wp:featuredmedia":[{"embeddable":true,"href":"https:\/\/www.bahina.com\/fr\/wp-json\/wp\/v2\/media\/56710"}],"wp:attachment":[{"href":"https:\/\/www.bahina.com\/fr\/wp-json\/wp\/v2\/media?parent=62911"}],"wp:term":[{"taxonomy":"product_brand","embeddable":true,"href":"https:\/\/www.bahina.com\/fr\/wp-json\/wp\/v2\/product_brand?post=62911"},{"taxonomy":"product_cat","embeddable":true,"href":"https:\/\/www.bahina.com\/fr\/wp-json\/wp\/v2\/product_cat?post=62911"},{"taxonomy":"product_tag","embeddable":true,"href":"https:\/\/www.bahina.com\/fr\/wp-json\/wp\/v2\/product_tag?post=62911"},{"taxonomy":"product_colors","embeddable":true,"href":"https:\/\/www.bahina.com\/fr\/wp-json\/wp\/v2\/product_colors?post=62911"}],"curies":[{"name":"wp","href":"https:\/\/api.w.org\/{rel}","templated":true}]}}