{"id":62933,"date":"2023-11-22T12:00:00","date_gmt":"2023-11-22T11:00:00","guid":{"rendered":"https:\/\/www.bahina.com\/product\/boucles-doreilles-or-jaune-18-ct-346\/"},"modified":"2024-10-17T13:05:15","modified_gmt":"2024-10-17T11:05:15","slug":"boucles-doreilles-or-jaune-18-ct-346","status":"publish","type":"product","link":"https:\/\/www.bahina.com\/fr\/produit\/boucles-doreilles-or-jaune-18-ct-346\/","title":{"rendered":"Boucles d&#8217;oreilles or jaune 18 ct"},"content":{"rendered":"","protected":false},"excerpt":{"rendered":"<p>avec tanzanite, rubis trait\u00e9 et orchid\u00e9e v\u00e9ritable, longueur: 8cm\/3.2&#8243;<\/p>\n","protected":false},"featured_media":56750,"template":"","meta":[],"product_brand":[238,243],"product_cat":[221,227,413],"product_tag":[],"product_colors":[472,278,280],"class_list":{"0":"post-62933","1":"product","2":"type-product","3":"status-publish","4":"has-post-thumbnail","6":"product_brand-bijoux","7":"product_brand-goldrush-fr","8":"product_cat-bijoux","9":"product_cat-boucles-doreilles","10":"product_cat-piece-unique","11":"product_colors-multicolor-fr","12":"product_colors-or","13":"product_colors-or-jaune","16":"first","17":"outofstock","18":"purchasable","19":"product-type-simple"},"_links":{"self":[{"href":"https:\/\/www.bahina.com\/fr\/wp-json\/wp\/v2\/product\/62933","targetHints":{"allow":["GET"]}}],"collection":[{"href":"https:\/\/www.bahina.com\/fr\/wp-json\/wp\/v2\/product"}],"about":[{"href":"https:\/\/www.bahina.com\/fr\/wp-json\/wp\/v2\/types\/product"}],"wp:featuredmedia":[{"embeddable":true,"href":"https:\/\/www.bahina.com\/fr\/wp-json\/wp\/v2\/media\/56750"}],"wp:attachment":[{"href":"https:\/\/www.bahina.com\/fr\/wp-json\/wp\/v2\/media?parent=62933"}],"wp:term":[{"taxonomy":"product_brand","embeddable":true,"href":"https:\/\/www.bahina.com\/fr\/wp-json\/wp\/v2\/product_brand?post=62933"},{"taxonomy":"product_cat","embeddable":true,"href":"https:\/\/www.bahina.com\/fr\/wp-json\/wp\/v2\/product_cat?post=62933"},{"taxonomy":"product_tag","embeddable":true,"href":"https:\/\/www.bahina.com\/fr\/wp-json\/wp\/v2\/product_tag?post=62933"},{"taxonomy":"product_colors","embeddable":true,"href":"https:\/\/www.bahina.com\/fr\/wp-json\/wp\/v2\/product_colors?post=62933"}],"curies":[{"name":"wp","href":"https:\/\/api.w.org\/{rel}","templated":true}]}}