{"id":63005,"date":"2023-12-15T12:00:00","date_gmt":"2023-12-15T11:00:00","guid":{"rendered":"https:\/\/www.bahina.com\/product\/sautoir-en-or-jaune-18-ct-11\/"},"modified":"2024-11-07T12:54:35","modified_gmt":"2024-11-07T11:54:35","slug":"sautoir-en-or-jaune-18-ct-11","status":"publish","type":"product","link":"https:\/\/www.bahina.com\/fr\/produit\/sautoir-en-or-jaune-18-ct-11\/","title":{"rendered":"Sautoir en or jaune 18 ct"},"content":{"rendered":"","protected":false},"excerpt":{"rendered":"<p>avec cam\u00e9e couleur fum\u00e9e en verre v\u00e9nitien et nacre et disque en nacre gris, longueur: 87.5cm\/35&#8243;<\/p>\n","protected":false},"featured_media":56904,"template":"","meta":[],"product_brand":[238,242],"product_cat":[221,226],"product_tag":[],"product_colors":[463,278,280],"class_list":{"0":"post-63005","1":"product","2":"type-product","3":"status-publish","4":"has-post-thumbnail","6":"product_brand-bijoux","7":"product_brand-antigua-fr","8":"product_cat-bijoux","9":"product_cat-colliers","10":"product_colors-weiss-grau-fr","11":"product_colors-or","12":"product_colors-or-jaune","15":"first","16":"outofstock","17":"purchasable","18":"product-type-simple"},"_links":{"self":[{"href":"https:\/\/www.bahina.com\/fr\/wp-json\/wp\/v2\/product\/63005","targetHints":{"allow":["GET"]}}],"collection":[{"href":"https:\/\/www.bahina.com\/fr\/wp-json\/wp\/v2\/product"}],"about":[{"href":"https:\/\/www.bahina.com\/fr\/wp-json\/wp\/v2\/types\/product"}],"wp:featuredmedia":[{"embeddable":true,"href":"https:\/\/www.bahina.com\/fr\/wp-json\/wp\/v2\/media\/56904"}],"wp:attachment":[{"href":"https:\/\/www.bahina.com\/fr\/wp-json\/wp\/v2\/media?parent=63005"}],"wp:term":[{"taxonomy":"product_brand","embeddable":true,"href":"https:\/\/www.bahina.com\/fr\/wp-json\/wp\/v2\/product_brand?post=63005"},{"taxonomy":"product_cat","embeddable":true,"href":"https:\/\/www.bahina.com\/fr\/wp-json\/wp\/v2\/product_cat?post=63005"},{"taxonomy":"product_tag","embeddable":true,"href":"https:\/\/www.bahina.com\/fr\/wp-json\/wp\/v2\/product_tag?post=63005"},{"taxonomy":"product_colors","embeddable":true,"href":"https:\/\/www.bahina.com\/fr\/wp-json\/wp\/v2\/product_colors?post=63005"}],"curies":[{"name":"wp","href":"https:\/\/api.w.org\/{rel}","templated":true}]}}