{"id":63018,"date":"2024-01-01T12:00:00","date_gmt":"2024-01-01T11:00:00","guid":{"rendered":"https:\/\/www.bahina.com\/product\/boucles-doreilles-or-jaune-18-ct-380\/"},"modified":"2024-11-07T13:03:57","modified_gmt":"2024-11-07T12:03:57","slug":"boucles-doreilles-or-jaune-18-ct-380","status":"publish","type":"product","link":"https:\/\/www.bahina.com\/fr\/produit\/boucles-doreilles-or-jaune-18-ct-380\/","title":{"rendered":"Boucles d&#8217;oreilles or jaune 18 ct"},"content":{"rendered":"","protected":false},"excerpt":{"rendered":"<p>avec cam\u00e9e couleur fum\u00e9e en verre v\u00e9nitien et nacre, rubis trait\u00e9 et disque en nacre gris, longueur: 6cm\/2.4&#8243;<\/p>\n","protected":false},"featured_media":56940,"template":"","meta":[],"product_brand":[238,242],"product_cat":[221,227],"product_tag":[],"product_colors":[472,278,280],"class_list":{"0":"post-63018","1":"product","2":"type-product","3":"status-publish","4":"has-post-thumbnail","6":"product_brand-bijoux","7":"product_brand-antigua-fr","8":"product_cat-bijoux","9":"product_cat-boucles-doreilles","10":"product_colors-multicolor-fr","11":"product_colors-or","12":"product_colors-or-jaune","15":"first","16":"outofstock","17":"purchasable","18":"product-type-simple"},"_links":{"self":[{"href":"https:\/\/www.bahina.com\/fr\/wp-json\/wp\/v2\/product\/63018","targetHints":{"allow":["GET"]}}],"collection":[{"href":"https:\/\/www.bahina.com\/fr\/wp-json\/wp\/v2\/product"}],"about":[{"href":"https:\/\/www.bahina.com\/fr\/wp-json\/wp\/v2\/types\/product"}],"wp:featuredmedia":[{"embeddable":true,"href":"https:\/\/www.bahina.com\/fr\/wp-json\/wp\/v2\/media\/56940"}],"wp:attachment":[{"href":"https:\/\/www.bahina.com\/fr\/wp-json\/wp\/v2\/media?parent=63018"}],"wp:term":[{"taxonomy":"product_brand","embeddable":true,"href":"https:\/\/www.bahina.com\/fr\/wp-json\/wp\/v2\/product_brand?post=63018"},{"taxonomy":"product_cat","embeddable":true,"href":"https:\/\/www.bahina.com\/fr\/wp-json\/wp\/v2\/product_cat?post=63018"},{"taxonomy":"product_tag","embeddable":true,"href":"https:\/\/www.bahina.com\/fr\/wp-json\/wp\/v2\/product_tag?post=63018"},{"taxonomy":"product_colors","embeddable":true,"href":"https:\/\/www.bahina.com\/fr\/wp-json\/wp\/v2\/product_colors?post=63018"}],"curies":[{"name":"wp","href":"https:\/\/api.w.org\/{rel}","templated":true}]}}