{"id":63492,"date":"2024-09-10T12:00:00","date_gmt":"2024-09-10T10:00:00","guid":{"rendered":"https:\/\/www.bahina.com\/product\/boucles-doreilles-or-jaune-18-ct-564\/"},"modified":"2024-10-17T13:09:58","modified_gmt":"2024-10-17T11:09:58","slug":"boucles-doreilles-or-jaune-18-ct-564","status":"publish","type":"product","link":"https:\/\/www.bahina.com\/fr\/produit\/boucles-doreilles-or-jaune-18-ct-564\/","title":{"rendered":"Boucles d&#8217;oreilles or jaune 18 ct"},"content":{"rendered":"","protected":false},"excerpt":{"rendered":"<p>avec rubis trait\u00e9, p\u00e9ridot et pr\u00e9hnite, longueur: 4cm\/ 1.6&#8243;<\/p>\n","protected":false},"featured_media":57908,"template":"","meta":[],"product_brand":[238,243],"product_cat":[221,227,413],"product_tag":[],"product_colors":[472,278,280],"class_list":{"0":"post-63492","1":"product","2":"type-product","3":"status-publish","4":"has-post-thumbnail","6":"product_brand-bijoux","7":"product_brand-goldrush-fr","8":"product_cat-bijoux","9":"product_cat-boucles-doreilles","10":"product_cat-piece-unique","11":"product_colors-multicolor-fr","12":"product_colors-or","13":"product_colors-or-jaune","16":"first","17":"instock","18":"purchasable","19":"product-type-simple"},"_links":{"self":[{"href":"https:\/\/www.bahina.com\/fr\/wp-json\/wp\/v2\/product\/63492","targetHints":{"allow":["GET"]}}],"collection":[{"href":"https:\/\/www.bahina.com\/fr\/wp-json\/wp\/v2\/product"}],"about":[{"href":"https:\/\/www.bahina.com\/fr\/wp-json\/wp\/v2\/types\/product"}],"wp:featuredmedia":[{"embeddable":true,"href":"https:\/\/www.bahina.com\/fr\/wp-json\/wp\/v2\/media\/57908"}],"wp:attachment":[{"href":"https:\/\/www.bahina.com\/fr\/wp-json\/wp\/v2\/media?parent=63492"}],"wp:term":[{"taxonomy":"product_brand","embeddable":true,"href":"https:\/\/www.bahina.com\/fr\/wp-json\/wp\/v2\/product_brand?post=63492"},{"taxonomy":"product_cat","embeddable":true,"href":"https:\/\/www.bahina.com\/fr\/wp-json\/wp\/v2\/product_cat?post=63492"},{"taxonomy":"product_tag","embeddable":true,"href":"https:\/\/www.bahina.com\/fr\/wp-json\/wp\/v2\/product_tag?post=63492"},{"taxonomy":"product_colors","embeddable":true,"href":"https:\/\/www.bahina.com\/fr\/wp-json\/wp\/v2\/product_colors?post=63492"}],"curies":[{"name":"wp","href":"https:\/\/api.w.org\/{rel}","templated":true}]}}