{"id":63518,"date":"2024-09-01T12:00:00","date_gmt":"2024-09-01T10:00:00","guid":{"rendered":"https:\/\/www.bahina.com\/product\/boucles-doreilles-or-jaune-18-ct-574\/"},"modified":"2024-10-17T13:10:15","modified_gmt":"2024-10-17T11:10:15","slug":"boucles-doreilles-or-jaune-18-ct-574","status":"publish","type":"product","link":"https:\/\/www.bahina.com\/fr\/produit\/boucles-doreilles-or-jaune-18-ct-574\/","title":{"rendered":"Boucles d&#8217;oreilles or jaune 18 ct"},"content":{"rendered":"","protected":false},"excerpt":{"rendered":"<p>avec quartz fum\u00e9, cornaline, p\u00e9ridot, am\u00e9thyste, citrine, quartz rose et perles d&#8217;eau douce, longueur: 5cm\/ 2&#8243;<\/p>\n","protected":false},"featured_media":57948,"template":"","meta":[],"product_brand":[238,241],"product_cat":[221,227],"product_tag":[],"product_colors":[278,280,472],"class_list":{"0":"post-63518","1":"product","2":"type-product","3":"status-publish","4":"has-post-thumbnail","6":"product_brand-bijoux","7":"product_brand-monsoon-fr","8":"product_cat-bijoux","9":"product_cat-boucles-doreilles","10":"product_colors-or","11":"product_colors-or-jaune","12":"product_colors-multicolor-fr","15":"first","16":"instock","17":"purchasable","18":"product-type-simple"},"_links":{"self":[{"href":"https:\/\/www.bahina.com\/fr\/wp-json\/wp\/v2\/product\/63518","targetHints":{"allow":["GET"]}}],"collection":[{"href":"https:\/\/www.bahina.com\/fr\/wp-json\/wp\/v2\/product"}],"about":[{"href":"https:\/\/www.bahina.com\/fr\/wp-json\/wp\/v2\/types\/product"}],"wp:featuredmedia":[{"embeddable":true,"href":"https:\/\/www.bahina.com\/fr\/wp-json\/wp\/v2\/media\/57948"}],"wp:attachment":[{"href":"https:\/\/www.bahina.com\/fr\/wp-json\/wp\/v2\/media?parent=63518"}],"wp:term":[{"taxonomy":"product_brand","embeddable":true,"href":"https:\/\/www.bahina.com\/fr\/wp-json\/wp\/v2\/product_brand?post=63518"},{"taxonomy":"product_cat","embeddable":true,"href":"https:\/\/www.bahina.com\/fr\/wp-json\/wp\/v2\/product_cat?post=63518"},{"taxonomy":"product_tag","embeddable":true,"href":"https:\/\/www.bahina.com\/fr\/wp-json\/wp\/v2\/product_tag?post=63518"},{"taxonomy":"product_colors","embeddable":true,"href":"https:\/\/www.bahina.com\/fr\/wp-json\/wp\/v2\/product_colors?post=63518"}],"curies":[{"name":"wp","href":"https:\/\/api.w.org\/{rel}","templated":true}]}}