{"id":63780,"date":"2015-02-04T15:48:23","date_gmt":"2015-02-04T14:48:23","guid":{"rendered":"https:\/\/www.bahina.com\/product\/pashmina-gris-perle-5\/"},"modified":"2024-11-07T12:55:09","modified_gmt":"2024-11-07T11:55:09","slug":"pashmina-gris-perle-5","status":"publish","type":"product","link":"https:\/\/www.bahina.com\/fr\/produit\/pashmina-gris-perle-5\/","title":{"rendered":"Pashmina gris perle"},"content":{"rendered":"","protected":false},"excerpt":{"rendered":"<p>avec soie chiffonn\u00e9e vieux-rose et noire changeant cousue sur un c\u00f4t\u00e9 de l&#8217;\u00e9charpe, mesure: 1x2m<\/p>\n","protected":false},"featured_media":62699,"template":"","meta":[],"product_brand":[239,310],"product_cat":[228],"product_tag":[],"product_colors":[463],"class_list":{"0":"post-63780","1":"product","2":"type-product","3":"status-publish","4":"has-post-thumbnail","6":"product_brand-pashminas-fr","7":"product_brand-classics-fr","8":"product_cat-pashminas-fr","9":"product_colors-weiss-grau-fr","12":"first","13":"instock","14":"purchasable","15":"product-type-simple"},"_links":{"self":[{"href":"https:\/\/www.bahina.com\/fr\/wp-json\/wp\/v2\/product\/63780","targetHints":{"allow":["GET"]}}],"collection":[{"href":"https:\/\/www.bahina.com\/fr\/wp-json\/wp\/v2\/product"}],"about":[{"href":"https:\/\/www.bahina.com\/fr\/wp-json\/wp\/v2\/types\/product"}],"wp:featuredmedia":[{"embeddable":true,"href":"https:\/\/www.bahina.com\/fr\/wp-json\/wp\/v2\/media\/62699"}],"wp:attachment":[{"href":"https:\/\/www.bahina.com\/fr\/wp-json\/wp\/v2\/media?parent=63780"}],"wp:term":[{"taxonomy":"product_brand","embeddable":true,"href":"https:\/\/www.bahina.com\/fr\/wp-json\/wp\/v2\/product_brand?post=63780"},{"taxonomy":"product_cat","embeddable":true,"href":"https:\/\/www.bahina.com\/fr\/wp-json\/wp\/v2\/product_cat?post=63780"},{"taxonomy":"product_tag","embeddable":true,"href":"https:\/\/www.bahina.com\/fr\/wp-json\/wp\/v2\/product_tag?post=63780"},{"taxonomy":"product_colors","embeddable":true,"href":"https:\/\/www.bahina.com\/fr\/wp-json\/wp\/v2\/product_colors?post=63780"}],"curies":[{"name":"wp","href":"https:\/\/api.w.org\/{rel}","templated":true}]}}