{"id":63829,"date":"2015-02-04T15:49:23","date_gmt":"2015-02-04T14:49:23","guid":{"rendered":"https:\/\/www.bahina.com\/product\/pashmina-couleur-rose-pale-double-dune-soie-chiffonnee\/"},"modified":"2024-10-17T13:53:28","modified_gmt":"2024-10-17T11:53:28","slug":"pashmina-couleur-rose-pale-double-dune-soie-chiffonnee","status":"publish","type":"product","link":"https:\/\/www.bahina.com\/fr\/produit\/pashmina-couleur-rose-pale-double-dune-soie-chiffonnee\/","title":{"rendered":"Pashmina couleur rose p\u00e2le doubl\u00e9 d&#8217;une soie chiffonn\u00e9e"},"content":{"rendered":"","protected":false},"excerpt":{"rendered":"<p>avec impression d&#8217;un motif floral, mesure: 1x2m<\/p>\n","protected":false},"featured_media":62918,"template":"","meta":[],"product_brand":[446,239,309],"product_cat":[228],"product_tag":[],"product_colors":[465],"class_list":{"0":"post-63829","1":"product","2":"type-product","3":"status-publish","4":"has-post-thumbnail","6":"product_brand-flowerpower-fr","7":"product_brand-pashminas-fr","8":"product_brand-digital-prints-fr","9":"product_cat-pashminas-fr","10":"product_colors-pink-violett-fr","13":"first","14":"outofstock","15":"purchasable","16":"product-type-simple"},"_links":{"self":[{"href":"https:\/\/www.bahina.com\/fr\/wp-json\/wp\/v2\/product\/63829","targetHints":{"allow":["GET"]}}],"collection":[{"href":"https:\/\/www.bahina.com\/fr\/wp-json\/wp\/v2\/product"}],"about":[{"href":"https:\/\/www.bahina.com\/fr\/wp-json\/wp\/v2\/types\/product"}],"wp:featuredmedia":[{"embeddable":true,"href":"https:\/\/www.bahina.com\/fr\/wp-json\/wp\/v2\/media\/62918"}],"wp:attachment":[{"href":"https:\/\/www.bahina.com\/fr\/wp-json\/wp\/v2\/media?parent=63829"}],"wp:term":[{"taxonomy":"product_brand","embeddable":true,"href":"https:\/\/www.bahina.com\/fr\/wp-json\/wp\/v2\/product_brand?post=63829"},{"taxonomy":"product_cat","embeddable":true,"href":"https:\/\/www.bahina.com\/fr\/wp-json\/wp\/v2\/product_cat?post=63829"},{"taxonomy":"product_tag","embeddable":true,"href":"https:\/\/www.bahina.com\/fr\/wp-json\/wp\/v2\/product_tag?post=63829"},{"taxonomy":"product_colors","embeddable":true,"href":"https:\/\/www.bahina.com\/fr\/wp-json\/wp\/v2\/product_colors?post=63829"}],"curies":[{"name":"wp","href":"https:\/\/api.w.org\/{rel}","templated":true}]}}