{"id":63861,"date":"2016-07-26T09:22:23","date_gmt":"2016-07-26T07:22:23","guid":{"rendered":"https:\/\/www.bahina.com\/product\/pashmina-couleur-gris-beige\/"},"modified":"2024-10-17T13:53:38","modified_gmt":"2024-10-17T11:53:38","slug":"pashmina-couleur-gris-beige","status":"publish","type":"product","link":"https:\/\/www.bahina.com\/fr\/produit\/pashmina-couleur-gris-beige\/","title":{"rendered":"Pashmina couleur gris-beige"},"content":{"rendered":"","protected":false},"excerpt":{"rendered":"<p>avec soie chiffonn\u00e9e imprim\u00e9e (London) et cousue sur un c\u00f4t\u00e9 de l&#8217;\u00e9charpe, mesure: 1x2m<\/p>\n","protected":false},"featured_media":63053,"template":"","meta":[],"product_brand":[239,309,454],"product_cat":[228],"product_tag":[],"product_colors":[463],"class_list":{"0":"post-63861","1":"product","2":"type-product","3":"status-publish","4":"has-post-thumbnail","6":"product_brand-pashminas-fr","7":"product_brand-digital-prints-fr","8":"product_brand-global-citizen-fr","9":"product_cat-pashminas-fr","10":"product_colors-weiss-grau-fr","13":"first","14":"instock","15":"purchasable","16":"product-type-simple"},"_links":{"self":[{"href":"https:\/\/www.bahina.com\/fr\/wp-json\/wp\/v2\/product\/63861","targetHints":{"allow":["GET"]}}],"collection":[{"href":"https:\/\/www.bahina.com\/fr\/wp-json\/wp\/v2\/product"}],"about":[{"href":"https:\/\/www.bahina.com\/fr\/wp-json\/wp\/v2\/types\/product"}],"wp:featuredmedia":[{"embeddable":true,"href":"https:\/\/www.bahina.com\/fr\/wp-json\/wp\/v2\/media\/63053"}],"wp:attachment":[{"href":"https:\/\/www.bahina.com\/fr\/wp-json\/wp\/v2\/media?parent=63861"}],"wp:term":[{"taxonomy":"product_brand","embeddable":true,"href":"https:\/\/www.bahina.com\/fr\/wp-json\/wp\/v2\/product_brand?post=63861"},{"taxonomy":"product_cat","embeddable":true,"href":"https:\/\/www.bahina.com\/fr\/wp-json\/wp\/v2\/product_cat?post=63861"},{"taxonomy":"product_tag","embeddable":true,"href":"https:\/\/www.bahina.com\/fr\/wp-json\/wp\/v2\/product_tag?post=63861"},{"taxonomy":"product_colors","embeddable":true,"href":"https:\/\/www.bahina.com\/fr\/wp-json\/wp\/v2\/product_colors?post=63861"}],"curies":[{"name":"wp","href":"https:\/\/api.w.org\/{rel}","templated":true}]}}