{"id":63867,"date":"2016-07-26T09:40:34","date_gmt":"2016-07-26T07:40:34","guid":{"rendered":"https:\/\/www.bahina.com\/product\/pashmina-bleu-marine-7\/"},"modified":"2024-10-17T13:54:37","modified_gmt":"2024-10-17T11:54:37","slug":"pashmina-bleu-marine-7","status":"publish","type":"product","link":"https:\/\/www.bahina.com\/fr\/produit\/pashmina-bleu-marine-7\/","title":{"rendered":"Pashmina bleu marine"},"content":{"rendered":"","protected":false},"excerpt":{"rendered":"<p>avec soie chiffonn\u00e9e imprim\u00e9e (plume de paon) et cousue sur un c\u00f4t\u00e9 de l&#8217;\u00e9charpe, mesure: 1x2m<\/p>\n","protected":false},"featured_media":63077,"template":"","meta":[],"product_brand":[239,309,453],"product_cat":[228],"product_tag":[],"product_colors":[467],"class_list":{"0":"post-63867","1":"product","2":"type-product","3":"status-publish","4":"has-post-thumbnail","6":"product_brand-pashminas-fr","7":"product_brand-digital-prints-fr","8":"product_brand-free-as-a-bird-fr","9":"product_cat-pashminas-fr","10":"product_colors-blau-gruen-fr","13":"first","14":"instock","15":"purchasable","16":"product-type-simple"},"_links":{"self":[{"href":"https:\/\/www.bahina.com\/fr\/wp-json\/wp\/v2\/product\/63867","targetHints":{"allow":["GET"]}}],"collection":[{"href":"https:\/\/www.bahina.com\/fr\/wp-json\/wp\/v2\/product"}],"about":[{"href":"https:\/\/www.bahina.com\/fr\/wp-json\/wp\/v2\/types\/product"}],"wp:featuredmedia":[{"embeddable":true,"href":"https:\/\/www.bahina.com\/fr\/wp-json\/wp\/v2\/media\/63077"}],"wp:attachment":[{"href":"https:\/\/www.bahina.com\/fr\/wp-json\/wp\/v2\/media?parent=63867"}],"wp:term":[{"taxonomy":"product_brand","embeddable":true,"href":"https:\/\/www.bahina.com\/fr\/wp-json\/wp\/v2\/product_brand?post=63867"},{"taxonomy":"product_cat","embeddable":true,"href":"https:\/\/www.bahina.com\/fr\/wp-json\/wp\/v2\/product_cat?post=63867"},{"taxonomy":"product_tag","embeddable":true,"href":"https:\/\/www.bahina.com\/fr\/wp-json\/wp\/v2\/product_tag?post=63867"},{"taxonomy":"product_colors","embeddable":true,"href":"https:\/\/www.bahina.com\/fr\/wp-json\/wp\/v2\/product_colors?post=63867"}],"curies":[{"name":"wp","href":"https:\/\/api.w.org\/{rel}","templated":true}]}}