{"id":63919,"date":"2018-10-10T15:38:34","date_gmt":"2018-10-10T13:38:34","guid":{"rendered":"https:\/\/www.bahina.com\/product\/pashmina-noire\/"},"modified":"2024-10-17T13:54:19","modified_gmt":"2024-10-17T11:54:19","slug":"pashmina-noire","status":"publish","type":"product","link":"https:\/\/www.bahina.com\/fr\/produit\/pashmina-noire\/","title":{"rendered":"Pashmina noire"},"content":{"rendered":"","protected":false},"excerpt":{"rendered":"<p>avec soie chiffonn\u00e9e imprim\u00e9e (nature morte avec des raisins) et cousue sur un c\u00f4t\u00e9 de l&#8217;\u00e9charpe, mesure: 1x2m<\/p>\n","protected":false},"featured_media":63298,"template":"","meta":[],"product_brand":[239,309,451],"product_cat":[228],"product_tag":[],"product_colors":[401],"class_list":{"0":"post-63919","1":"product","2":"type-product","3":"status-publish","4":"has-post-thumbnail","6":"product_brand-pashminas-fr","7":"product_brand-digital-prints-fr","8":"product_brand-still-lives-fr","9":"product_cat-pashminas-fr","10":"product_colors-noir-blanc","13":"first","14":"instock","15":"purchasable","16":"product-type-simple"},"_links":{"self":[{"href":"https:\/\/www.bahina.com\/fr\/wp-json\/wp\/v2\/product\/63919","targetHints":{"allow":["GET"]}}],"collection":[{"href":"https:\/\/www.bahina.com\/fr\/wp-json\/wp\/v2\/product"}],"about":[{"href":"https:\/\/www.bahina.com\/fr\/wp-json\/wp\/v2\/types\/product"}],"wp:featuredmedia":[{"embeddable":true,"href":"https:\/\/www.bahina.com\/fr\/wp-json\/wp\/v2\/media\/63298"}],"wp:attachment":[{"href":"https:\/\/www.bahina.com\/fr\/wp-json\/wp\/v2\/media?parent=63919"}],"wp:term":[{"taxonomy":"product_brand","embeddable":true,"href":"https:\/\/www.bahina.com\/fr\/wp-json\/wp\/v2\/product_brand?post=63919"},{"taxonomy":"product_cat","embeddable":true,"href":"https:\/\/www.bahina.com\/fr\/wp-json\/wp\/v2\/product_cat?post=63919"},{"taxonomy":"product_tag","embeddable":true,"href":"https:\/\/www.bahina.com\/fr\/wp-json\/wp\/v2\/product_tag?post=63919"},{"taxonomy":"product_colors","embeddable":true,"href":"https:\/\/www.bahina.com\/fr\/wp-json\/wp\/v2\/product_colors?post=63919"}],"curies":[{"name":"wp","href":"https:\/\/api.w.org\/{rel}","templated":true}]}}