{"id":63986,"date":"2022-03-14T20:48:28","date_gmt":"2022-03-14T19:48:28","guid":{"rendered":"https:\/\/www.bahina.com\/product\/pashmina-couleur-bleu-glacon\/"},"modified":"2024-10-17T13:53:36","modified_gmt":"2024-10-17T11:53:36","slug":"pashmina-couleur-bleu-glacon","status":"publish","type":"product","link":"https:\/\/www.bahina.com\/fr\/produit\/pashmina-couleur-bleu-glacon\/","title":{"rendered":"Pashmina couleur bleu gla\u00e7on"},"content":{"rendered":"","protected":false},"excerpt":{"rendered":"<p>avec soie chiffonn\u00e9e imprim\u00e9e (pont Oresund) et cousue sur un c\u00f4t\u00e9 de l&#8217;\u00e9charpe, mesure: 1x2m<\/p>\n","protected":false},"featured_media":63543,"template":"","meta":[],"product_brand":[239,309,448],"product_cat":[228],"product_tag":[],"product_colors":[467],"class_list":{"0":"post-63986","1":"product","2":"type-product","3":"status-publish","4":"has-post-thumbnail","6":"product_brand-pashminas-fr","7":"product_brand-digital-prints-fr","8":"product_brand-building-bridges-fr","9":"product_cat-pashminas-fr","10":"product_colors-blau-gruen-fr","13":"first","14":"instock","15":"purchasable","16":"product-type-simple"},"_links":{"self":[{"href":"https:\/\/www.bahina.com\/fr\/wp-json\/wp\/v2\/product\/63986","targetHints":{"allow":["GET"]}}],"collection":[{"href":"https:\/\/www.bahina.com\/fr\/wp-json\/wp\/v2\/product"}],"about":[{"href":"https:\/\/www.bahina.com\/fr\/wp-json\/wp\/v2\/types\/product"}],"wp:featuredmedia":[{"embeddable":true,"href":"https:\/\/www.bahina.com\/fr\/wp-json\/wp\/v2\/media\/63543"}],"wp:attachment":[{"href":"https:\/\/www.bahina.com\/fr\/wp-json\/wp\/v2\/media?parent=63986"}],"wp:term":[{"taxonomy":"product_brand","embeddable":true,"href":"https:\/\/www.bahina.com\/fr\/wp-json\/wp\/v2\/product_brand?post=63986"},{"taxonomy":"product_cat","embeddable":true,"href":"https:\/\/www.bahina.com\/fr\/wp-json\/wp\/v2\/product_cat?post=63986"},{"taxonomy":"product_tag","embeddable":true,"href":"https:\/\/www.bahina.com\/fr\/wp-json\/wp\/v2\/product_tag?post=63986"},{"taxonomy":"product_colors","embeddable":true,"href":"https:\/\/www.bahina.com\/fr\/wp-json\/wp\/v2\/product_colors?post=63986"}],"curies":[{"name":"wp","href":"https:\/\/api.w.org\/{rel}","templated":true}]}}