{"id":63996,"date":"2024-07-08T02:34:20","date_gmt":"2024-07-08T00:34:20","guid":{"rendered":"https:\/\/www.bahina.com\/product\/pashmina-couleur-rose-vif\/"},"modified":"2024-10-17T13:54:33","modified_gmt":"2024-10-17T11:54:33","slug":"pashmina-couleur-rose-vif","status":"publish","type":"product","link":"https:\/\/www.bahina.com\/fr\/produit\/pashmina-couleur-rose-vif\/","title":{"rendered":"Pashmina couleur rose vif"},"content":{"rendered":"","protected":false},"excerpt":{"rendered":"<p>avec soie chiffonn\u00e9e imprim\u00e9e (Radha et Krishna) et cousue sur un c\u00f4t\u00e9 de l&#8217;\u00e9charpe, mesure: 1x2m<\/p>\n","protected":false},"featured_media":63563,"template":"","meta":[],"product_brand":[239,447,309],"product_cat":[228],"product_tag":[],"product_colors":[465],"class_list":{"0":"post-63996","1":"product","2":"type-product","3":"status-publish","4":"has-post-thumbnail","6":"product_brand-pashminas-fr","7":"product_brand-power-of-love-fr","8":"product_brand-digital-prints-fr","9":"product_cat-pashminas-fr","10":"product_colors-pink-violett-fr","13":"first","14":"instock","15":"purchasable","16":"product-type-simple"},"_links":{"self":[{"href":"https:\/\/www.bahina.com\/fr\/wp-json\/wp\/v2\/product\/63996","targetHints":{"allow":["GET"]}}],"collection":[{"href":"https:\/\/www.bahina.com\/fr\/wp-json\/wp\/v2\/product"}],"about":[{"href":"https:\/\/www.bahina.com\/fr\/wp-json\/wp\/v2\/types\/product"}],"wp:featuredmedia":[{"embeddable":true,"href":"https:\/\/www.bahina.com\/fr\/wp-json\/wp\/v2\/media\/63563"}],"wp:attachment":[{"href":"https:\/\/www.bahina.com\/fr\/wp-json\/wp\/v2\/media?parent=63996"}],"wp:term":[{"taxonomy":"product_brand","embeddable":true,"href":"https:\/\/www.bahina.com\/fr\/wp-json\/wp\/v2\/product_brand?post=63996"},{"taxonomy":"product_cat","embeddable":true,"href":"https:\/\/www.bahina.com\/fr\/wp-json\/wp\/v2\/product_cat?post=63996"},{"taxonomy":"product_tag","embeddable":true,"href":"https:\/\/www.bahina.com\/fr\/wp-json\/wp\/v2\/product_tag?post=63996"},{"taxonomy":"product_colors","embeddable":true,"href":"https:\/\/www.bahina.com\/fr\/wp-json\/wp\/v2\/product_colors?post=63996"}],"curies":[{"name":"wp","href":"https:\/\/api.w.org\/{rel}","templated":true}]}}