{"id":64015,"date":"2024-07-09T16:04:22","date_gmt":"2024-07-09T14:04:22","guid":{"rendered":"https:\/\/www.bahina.com\/product\/pashmina-couleur-blanc-naturel-2\/"},"modified":"2024-10-17T13:54:15","modified_gmt":"2024-10-17T11:54:15","slug":"pashmina-couleur-blanc-naturel-2","status":"publish","type":"product","link":"https:\/\/www.bahina.com\/fr\/produit\/pashmina-couleur-blanc-naturel-2\/","title":{"rendered":"Pashmina couleur blanc naturel"},"content":{"rendered":"","protected":false},"excerpt":{"rendered":"<p>avec soie chiffonn\u00e9e imprim\u00e9e (fleurs psych\u00e9d\u00e9liques) et cousue sur un c\u00f4t\u00e9 de l&#8217;\u00e9charpe, mesure: 1x2m<\/p>\n","protected":false},"featured_media":63603,"template":"","meta":[],"product_brand":[446,239,309],"product_cat":[228],"product_tag":[],"product_colors":[405],"class_list":{"0":"post-64015","1":"product","2":"type-product","3":"status-publish","4":"has-post-thumbnail","6":"product_brand-flowerpower-fr","7":"product_brand-pashminas-fr","8":"product_brand-digital-prints-fr","9":"product_cat-pashminas-fr","10":"product_colors-non-teinte","13":"first","14":"outofstock","15":"purchasable","16":"product-type-simple"},"_links":{"self":[{"href":"https:\/\/www.bahina.com\/fr\/wp-json\/wp\/v2\/product\/64015","targetHints":{"allow":["GET"]}}],"collection":[{"href":"https:\/\/www.bahina.com\/fr\/wp-json\/wp\/v2\/product"}],"about":[{"href":"https:\/\/www.bahina.com\/fr\/wp-json\/wp\/v2\/types\/product"}],"wp:featuredmedia":[{"embeddable":true,"href":"https:\/\/www.bahina.com\/fr\/wp-json\/wp\/v2\/media\/63603"}],"wp:attachment":[{"href":"https:\/\/www.bahina.com\/fr\/wp-json\/wp\/v2\/media?parent=64015"}],"wp:term":[{"taxonomy":"product_brand","embeddable":true,"href":"https:\/\/www.bahina.com\/fr\/wp-json\/wp\/v2\/product_brand?post=64015"},{"taxonomy":"product_cat","embeddable":true,"href":"https:\/\/www.bahina.com\/fr\/wp-json\/wp\/v2\/product_cat?post=64015"},{"taxonomy":"product_tag","embeddable":true,"href":"https:\/\/www.bahina.com\/fr\/wp-json\/wp\/v2\/product_tag?post=64015"},{"taxonomy":"product_colors","embeddable":true,"href":"https:\/\/www.bahina.com\/fr\/wp-json\/wp\/v2\/product_colors?post=64015"}],"curies":[{"name":"wp","href":"https:\/\/api.w.org\/{rel}","templated":true}]}}