{"id":65259,"date":"2024-11-06T12:01:44","date_gmt":"2024-11-06T11:01:44","guid":{"rendered":"https:\/\/www.bahina.com\/product\/18k-gelbgold-ohrstecker-10\/"},"modified":"2024-11-06T16:59:24","modified_gmt":"2024-11-06T15:59:24","slug":"18k-gelbgold-ohrstecker-10","status":"publish","type":"product","link":"https:\/\/www.bahina.com\/fr\/produit\/18k-gelbgold-ohrstecker-10\/","title":{"rendered":"Boucles d&#8217;oreilles or jaune 18 ct"},"content":{"rendered":"","protected":false},"excerpt":{"rendered":"<p>avec aventurine verte, rubis trait\u00e9 et cam\u00e9e bleu en verre v\u00e9n\u00e9tien, longueur: 4.5cm\/ 1.8&#8243;<\/p>\n","protected":false},"featured_media":65165,"template":"","meta":[],"product_brand":[238,242],"product_cat":[221,227],"product_tag":[],"product_colors":[278,280,467],"class_list":{"0":"post-65259","1":"product","2":"type-product","3":"status-publish","4":"has-post-thumbnail","6":"product_brand-bijoux","7":"product_brand-antigua-fr","8":"product_cat-bijoux","9":"product_cat-boucles-doreilles","10":"product_colors-or","11":"product_colors-or-jaune","12":"product_colors-blau-gruen-fr","15":"first","16":"instock","17":"purchasable","18":"product-type-simple"},"_links":{"self":[{"href":"https:\/\/www.bahina.com\/fr\/wp-json\/wp\/v2\/product\/65259","targetHints":{"allow":["GET"]}}],"collection":[{"href":"https:\/\/www.bahina.com\/fr\/wp-json\/wp\/v2\/product"}],"about":[{"href":"https:\/\/www.bahina.com\/fr\/wp-json\/wp\/v2\/types\/product"}],"wp:featuredmedia":[{"embeddable":true,"href":"https:\/\/www.bahina.com\/fr\/wp-json\/wp\/v2\/media\/65165"}],"wp:attachment":[{"href":"https:\/\/www.bahina.com\/fr\/wp-json\/wp\/v2\/media?parent=65259"}],"wp:term":[{"taxonomy":"product_brand","embeddable":true,"href":"https:\/\/www.bahina.com\/fr\/wp-json\/wp\/v2\/product_brand?post=65259"},{"taxonomy":"product_cat","embeddable":true,"href":"https:\/\/www.bahina.com\/fr\/wp-json\/wp\/v2\/product_cat?post=65259"},{"taxonomy":"product_tag","embeddable":true,"href":"https:\/\/www.bahina.com\/fr\/wp-json\/wp\/v2\/product_tag?post=65259"},{"taxonomy":"product_colors","embeddable":true,"href":"https:\/\/www.bahina.com\/fr\/wp-json\/wp\/v2\/product_colors?post=65259"}],"curies":[{"name":"wp","href":"https:\/\/api.w.org\/{rel}","templated":true}]}}