{"id":65714,"date":"2025-02-22T12:50:17","date_gmt":"2025-02-22T11:50:17","guid":{"rendered":"https:\/\/www.bahina.com\/product\/18k-gelbgold-fingerringe\/"},"modified":"2025-02-23T15:52:57","modified_gmt":"2025-02-23T14:52:57","slug":"18k-gelbgold-fingerringe","status":"publish","type":"product","link":"https:\/\/www.bahina.com\/fr\/produit\/18k-gelbgold-fingerringe\/","title":{"rendered":"Bagues en or jaune 18 carats (ensemble de 3)"},"content":{"rendered":"","protected":false},"excerpt":{"rendered":"<p>avec des diamants synth\u00e9tiques (3.79cts ; 3.17cts ; 2.39cts), taille : 53 (\u00e9galement disponible s\u00e9par\u00e9ment)<\/p>\n","protected":false},"featured_media":65581,"template":"","meta":[],"product_brand":[476,238,341],"product_cat":[221,225,413],"product_tag":[],"product_colors":[463,278,280],"class_list":{"0":"post-65714","1":"product","2":"type-product","3":"status-publish","4":"has-post-thumbnail","6":"product_brand-surat-fr","7":"product_brand-bijoux","8":"product_brand-nouveaux-modeles-fr","9":"product_cat-bijoux","10":"product_cat-bagues-de-doigt","11":"product_cat-piece-unique","12":"product_colors-weiss-grau-fr","13":"product_colors-or","14":"product_colors-or-jaune","17":"first","18":"outofstock","19":"purchasable","20":"product-type-simple"},"_links":{"self":[{"href":"https:\/\/www.bahina.com\/fr\/wp-json\/wp\/v2\/product\/65714","targetHints":{"allow":["GET"]}}],"collection":[{"href":"https:\/\/www.bahina.com\/fr\/wp-json\/wp\/v2\/product"}],"about":[{"href":"https:\/\/www.bahina.com\/fr\/wp-json\/wp\/v2\/types\/product"}],"wp:featuredmedia":[{"embeddable":true,"href":"https:\/\/www.bahina.com\/fr\/wp-json\/wp\/v2\/media\/65581"}],"wp:attachment":[{"href":"https:\/\/www.bahina.com\/fr\/wp-json\/wp\/v2\/media?parent=65714"}],"wp:term":[{"taxonomy":"product_brand","embeddable":true,"href":"https:\/\/www.bahina.com\/fr\/wp-json\/wp\/v2\/product_brand?post=65714"},{"taxonomy":"product_cat","embeddable":true,"href":"https:\/\/www.bahina.com\/fr\/wp-json\/wp\/v2\/product_cat?post=65714"},{"taxonomy":"product_tag","embeddable":true,"href":"https:\/\/www.bahina.com\/fr\/wp-json\/wp\/v2\/product_tag?post=65714"},{"taxonomy":"product_colors","embeddable":true,"href":"https:\/\/www.bahina.com\/fr\/wp-json\/wp\/v2\/product_colors?post=65714"}],"curies":[{"name":"wp","href":"https:\/\/api.w.org\/{rel}","templated":true}]}}