{"id":65795,"date":"2025-02-22T19:36:23","date_gmt":"2025-02-22T18:36:23","guid":{"rendered":"https:\/\/www.bahina.com\/product\/pfirsichfarbener-pashmina\/"},"modified":"2025-02-22T19:40:46","modified_gmt":"2025-02-22T18:40:46","slug":"pfirsichfarbener-pashmina","status":"publish","type":"product","link":"https:\/\/www.bahina.com\/fr\/produit\/pfirsichfarbener-pashmina\/","title":{"rendered":"Pashmina couleur p\u00eache"},"content":{"rendered":"","protected":false},"excerpt":{"rendered":"<p>avec de la mousseline de soie imprim\u00e9e (arc-en-ciel) sur un c\u00f4t\u00e9 de l&#8217;\u00e9charpe, taille 1x2m<\/p>\n","protected":false},"featured_media":65752,"template":"","meta":[],"product_brand":[480,239,309],"product_cat":[228],"product_tag":[],"product_colors":[472],"class_list":{"0":"post-65795","1":"product","2":"type-product","3":"status-publish","4":"has-post-thumbnail","6":"product_brand-after-the-storm-fr","7":"product_brand-pashminas-fr","8":"product_brand-digital-prints-fr","9":"product_cat-pashminas-fr","10":"product_colors-multicolor-fr","13":"first","14":"instock","15":"purchasable","16":"product-type-simple"},"_links":{"self":[{"href":"https:\/\/www.bahina.com\/fr\/wp-json\/wp\/v2\/product\/65795","targetHints":{"allow":["GET"]}}],"collection":[{"href":"https:\/\/www.bahina.com\/fr\/wp-json\/wp\/v2\/product"}],"about":[{"href":"https:\/\/www.bahina.com\/fr\/wp-json\/wp\/v2\/types\/product"}],"wp:featuredmedia":[{"embeddable":true,"href":"https:\/\/www.bahina.com\/fr\/wp-json\/wp\/v2\/media\/65752"}],"wp:attachment":[{"href":"https:\/\/www.bahina.com\/fr\/wp-json\/wp\/v2\/media?parent=65795"}],"wp:term":[{"taxonomy":"product_brand","embeddable":true,"href":"https:\/\/www.bahina.com\/fr\/wp-json\/wp\/v2\/product_brand?post=65795"},{"taxonomy":"product_cat","embeddable":true,"href":"https:\/\/www.bahina.com\/fr\/wp-json\/wp\/v2\/product_cat?post=65795"},{"taxonomy":"product_tag","embeddable":true,"href":"https:\/\/www.bahina.com\/fr\/wp-json\/wp\/v2\/product_tag?post=65795"},{"taxonomy":"product_colors","embeddable":true,"href":"https:\/\/www.bahina.com\/fr\/wp-json\/wp\/v2\/product_colors?post=65795"}],"curies":[{"name":"wp","href":"https:\/\/api.w.org\/{rel}","templated":true}]}}