{"id":66263,"date":"2025-10-06T18:44:22","date_gmt":"2025-10-06T16:44:22","guid":{"rendered":"https:\/\/www.bahina.com\/product\/18k-gelbgold-ohrstecker-42\/"},"modified":"2025-10-06T18:45:58","modified_gmt":"2025-10-06T16:45:58","slug":"18k-gelbgold-ohrstecker-42","status":"publish","type":"product","link":"https:\/\/www.bahina.com\/fr\/produit\/18k-gelbgold-ohrstecker-42\/","title":{"rendered":"Boucles d&#8217;oreilles or jaune 18 ct"},"content":{"rendered":"","protected":false},"excerpt":{"rendered":"<p>avec perle mab\u00e9 blanche, perle bouton grise et cam\u00e9e noir en verre v\u00e9nitien, longueur : 5 cm\/ 2&#8243;<\/p>\n","protected":false},"featured_media":66182,"template":"","meta":[],"product_brand":[238,341,242],"product_cat":[221,227],"product_tag":[],"product_colors":[278,280,401],"class_list":{"0":"post-66263","1":"product","2":"type-product","3":"status-publish","4":"has-post-thumbnail","6":"product_brand-bijoux","7":"product_brand-nouveaux-modeles-fr","8":"product_brand-antigua-fr","9":"product_cat-bijoux","10":"product_cat-boucles-doreilles","11":"product_colors-or","12":"product_colors-or-jaune","13":"product_colors-noir-blanc","16":"first","17":"instock","18":"purchasable","19":"product-type-simple"},"_links":{"self":[{"href":"https:\/\/www.bahina.com\/fr\/wp-json\/wp\/v2\/product\/66263","targetHints":{"allow":["GET"]}}],"collection":[{"href":"https:\/\/www.bahina.com\/fr\/wp-json\/wp\/v2\/product"}],"about":[{"href":"https:\/\/www.bahina.com\/fr\/wp-json\/wp\/v2\/types\/product"}],"wp:featuredmedia":[{"embeddable":true,"href":"https:\/\/www.bahina.com\/fr\/wp-json\/wp\/v2\/media\/66182"}],"wp:attachment":[{"href":"https:\/\/www.bahina.com\/fr\/wp-json\/wp\/v2\/media?parent=66263"}],"wp:term":[{"taxonomy":"product_brand","embeddable":true,"href":"https:\/\/www.bahina.com\/fr\/wp-json\/wp\/v2\/product_brand?post=66263"},{"taxonomy":"product_cat","embeddable":true,"href":"https:\/\/www.bahina.com\/fr\/wp-json\/wp\/v2\/product_cat?post=66263"},{"taxonomy":"product_tag","embeddable":true,"href":"https:\/\/www.bahina.com\/fr\/wp-json\/wp\/v2\/product_tag?post=66263"},{"taxonomy":"product_colors","embeddable":true,"href":"https:\/\/www.bahina.com\/fr\/wp-json\/wp\/v2\/product_colors?post=66263"}],"curies":[{"name":"wp","href":"https:\/\/api.w.org\/{rel}","templated":true}]}}