{"id":66352,"date":"2025-10-06T20:27:52","date_gmt":"2025-10-06T18:27:52","guid":{"rendered":"https:\/\/www.bahina.com\/product\/18k-gelbgold-halskette-7\/"},"modified":"2025-10-06T20:29:20","modified_gmt":"2025-10-06T18:29:20","slug":"18k-gelbgold-halskette-7","status":"publish","type":"product","link":"https:\/\/www.bahina.com\/fr\/produit\/18k-gelbgold-halskette-7\/","title":{"rendered":"Collier or jaune 18 ct"},"content":{"rendered":"","protected":false},"excerpt":{"rendered":"<p>avec cam\u00e9es color\u00e9s en verre v\u00e9nitien, plaquettes de nacre et c\u0153urs en am\u00e9thyste, longueur : 42 cm\/ 16,8&#8243;<\/p>\n","protected":false},"featured_media":66158,"template":"","meta":[],"product_brand":[341,238,242],"product_cat":[221,226,413],"product_tag":[],"product_colors":[472,278,280],"class_list":{"0":"post-66352","1":"product","2":"type-product","3":"status-publish","4":"has-post-thumbnail","6":"product_brand-nouveaux-modeles-fr","7":"product_brand-bijoux","8":"product_brand-antigua-fr","9":"product_cat-bijoux","10":"product_cat-colliers","11":"product_cat-piece-unique","12":"product_colors-multicolor-fr","13":"product_colors-or","14":"product_colors-or-jaune","17":"first","18":"outofstock","19":"purchasable","20":"product-type-simple"},"_links":{"self":[{"href":"https:\/\/www.bahina.com\/fr\/wp-json\/wp\/v2\/product\/66352","targetHints":{"allow":["GET"]}}],"collection":[{"href":"https:\/\/www.bahina.com\/fr\/wp-json\/wp\/v2\/product"}],"about":[{"href":"https:\/\/www.bahina.com\/fr\/wp-json\/wp\/v2\/types\/product"}],"wp:featuredmedia":[{"embeddable":true,"href":"https:\/\/www.bahina.com\/fr\/wp-json\/wp\/v2\/media\/66158"}],"wp:attachment":[{"href":"https:\/\/www.bahina.com\/fr\/wp-json\/wp\/v2\/media?parent=66352"}],"wp:term":[{"taxonomy":"product_brand","embeddable":true,"href":"https:\/\/www.bahina.com\/fr\/wp-json\/wp\/v2\/product_brand?post=66352"},{"taxonomy":"product_cat","embeddable":true,"href":"https:\/\/www.bahina.com\/fr\/wp-json\/wp\/v2\/product_cat?post=66352"},{"taxonomy":"product_tag","embeddable":true,"href":"https:\/\/www.bahina.com\/fr\/wp-json\/wp\/v2\/product_tag?post=66352"},{"taxonomy":"product_colors","embeddable":true,"href":"https:\/\/www.bahina.com\/fr\/wp-json\/wp\/v2\/product_colors?post=66352"}],"curies":[{"name":"wp","href":"https:\/\/api.w.org\/{rel}","templated":true}]}}