{"id":66563,"date":"2026-02-21T19:56:19","date_gmt":"2026-02-21T18:56:19","guid":{"rendered":"https:\/\/www.bahina.com\/product\/blauer-pashmina\/"},"modified":"2026-02-21T19:58:24","modified_gmt":"2026-02-21T18:58:24","slug":"blauer-pashmina","status":"publish","type":"product","link":"https:\/\/www.bahina.com\/fr\/produit\/blauer-pashmina\/","title":{"rendered":"Pashmina couleur bleu"},"content":{"rendered":"","protected":false},"excerpt":{"rendered":"<p>avec soie chiffonn\u00e9e imprim\u00e9e (feuilles de strelitzia) et cousue sur un c\u00f4t\u00e9 de l&#8217;\u00e9charpe, mesure: 1x2m<\/p>\n","protected":false},"featured_media":66474,"template":"","meta":[],"product_brand":[485,339,239,309],"product_cat":[228],"product_tag":[],"product_colors":[],"class_list":{"0":"post-66563","1":"product","2":"type-product","3":"status-publish","4":"has-post-thumbnail","6":"product_brand-letting-go-2","7":"product_brand-nouveaux-modeles","8":"product_brand-pashminas-fr","9":"product_brand-digital-prints-fr","10":"product_cat-pashminas-fr","13":"first","14":"instock","15":"purchasable","16":"product-type-simple"},"_links":{"self":[{"href":"https:\/\/www.bahina.com\/fr\/wp-json\/wp\/v2\/product\/66563","targetHints":{"allow":["GET"]}}],"collection":[{"href":"https:\/\/www.bahina.com\/fr\/wp-json\/wp\/v2\/product"}],"about":[{"href":"https:\/\/www.bahina.com\/fr\/wp-json\/wp\/v2\/types\/product"}],"wp:featuredmedia":[{"embeddable":true,"href":"https:\/\/www.bahina.com\/fr\/wp-json\/wp\/v2\/media\/66474"}],"wp:attachment":[{"href":"https:\/\/www.bahina.com\/fr\/wp-json\/wp\/v2\/media?parent=66563"}],"wp:term":[{"taxonomy":"product_brand","embeddable":true,"href":"https:\/\/www.bahina.com\/fr\/wp-json\/wp\/v2\/product_brand?post=66563"},{"taxonomy":"product_cat","embeddable":true,"href":"https:\/\/www.bahina.com\/fr\/wp-json\/wp\/v2\/product_cat?post=66563"},{"taxonomy":"product_tag","embeddable":true,"href":"https:\/\/www.bahina.com\/fr\/wp-json\/wp\/v2\/product_tag?post=66563"},{"taxonomy":"product_colors","embeddable":true,"href":"https:\/\/www.bahina.com\/fr\/wp-json\/wp\/v2\/product_colors?post=66563"}],"curies":[{"name":"wp","href":"https:\/\/api.w.org\/{rel}","templated":true}]}}