{"id":66567,"date":"2026-02-21T20:01:30","date_gmt":"2026-02-21T19:01:30","guid":{"rendered":"https:\/\/www.bahina.com\/product\/dunkelgruener-pashmina-4\/"},"modified":"2026-02-21T20:03:11","modified_gmt":"2026-02-21T19:03:11","slug":"dunkelgruener-pashmina-4","status":"publish","type":"product","link":"https:\/\/www.bahina.com\/fr\/produit\/dunkelgruener-pashmina-4\/","title":{"rendered":"Pashmina couleur vert fonc\u00e9"},"content":{"rendered":"","protected":false},"excerpt":{"rendered":"<p>avec soie chiffonn\u00e9e imprim\u00e9e (feuilles de palmier) et cousue sur un c\u00f4t\u00e9 de l&#8217;\u00e9charpe, mesure: 1x2m<\/p>\n","protected":false},"featured_media":66450,"template":"","meta":[],"product_brand":[485,339,239,309],"product_cat":[228],"product_tag":[],"product_colors":[],"class_list":{"0":"post-66567","1":"product","2":"type-product","3":"status-publish","4":"has-post-thumbnail","6":"product_brand-letting-go-2","7":"product_brand-nouveaux-modeles","8":"product_brand-pashminas-fr","9":"product_brand-digital-prints-fr","10":"product_cat-pashminas-fr","13":"first","14":"instock","15":"purchasable","16":"product-type-simple"},"_links":{"self":[{"href":"https:\/\/www.bahina.com\/fr\/wp-json\/wp\/v2\/product\/66567","targetHints":{"allow":["GET"]}}],"collection":[{"href":"https:\/\/www.bahina.com\/fr\/wp-json\/wp\/v2\/product"}],"about":[{"href":"https:\/\/www.bahina.com\/fr\/wp-json\/wp\/v2\/types\/product"}],"wp:featuredmedia":[{"embeddable":true,"href":"https:\/\/www.bahina.com\/fr\/wp-json\/wp\/v2\/media\/66450"}],"wp:attachment":[{"href":"https:\/\/www.bahina.com\/fr\/wp-json\/wp\/v2\/media?parent=66567"}],"wp:term":[{"taxonomy":"product_brand","embeddable":true,"href":"https:\/\/www.bahina.com\/fr\/wp-json\/wp\/v2\/product_brand?post=66567"},{"taxonomy":"product_cat","embeddable":true,"href":"https:\/\/www.bahina.com\/fr\/wp-json\/wp\/v2\/product_cat?post=66567"},{"taxonomy":"product_tag","embeddable":true,"href":"https:\/\/www.bahina.com\/fr\/wp-json\/wp\/v2\/product_tag?post=66567"},{"taxonomy":"product_colors","embeddable":true,"href":"https:\/\/www.bahina.com\/fr\/wp-json\/wp\/v2\/product_colors?post=66567"}],"curies":[{"name":"wp","href":"https:\/\/api.w.org\/{rel}","templated":true}]}}