{"id":66666,"date":"2026-02-22T08:56:34","date_gmt":"2026-02-22T07:56:34","guid":{"rendered":"https:\/\/www.bahina.com\/product\/18k-gelbgold-ohrstecker-59\/"},"modified":"2026-02-22T09:01:06","modified_gmt":"2026-02-22T08:01:06","slug":"18k-gelbgold-ohrstecker-59","status":"publish","type":"product","link":"https:\/\/www.bahina.com\/fr\/produit\/18k-gelbgold-ohrstecker-59\/","title":{"rendered":"Boucles d&#8217;oreilles or jaune 18 ct"},"content":{"rendered":"","protected":false},"excerpt":{"rendered":"<p>avec diamants synth\u00e9tiques en forme de c\u0153ur (10.05 ct), diam\u00e8tre : 1,2\u00ab \/0,48 \u00bb<\/p>\n","protected":false},"featured_media":66658,"template":"","meta":[],"product_brand":[476,341,238],"product_cat":[221,227],"product_tag":[],"product_colors":[278,280,463],"class_list":{"0":"post-66666","1":"product","2":"type-product","3":"status-publish","4":"has-post-thumbnail","6":"product_brand-surat-fr","7":"product_brand-nouveaux-modeles-fr","8":"product_brand-bijoux","9":"product_cat-bijoux","10":"product_cat-boucles-doreilles","11":"product_colors-or","12":"product_colors-or-jaune","13":"product_colors-weiss-grau-fr","16":"first","17":"instock","18":"purchasable","19":"product-type-simple"},"_links":{"self":[{"href":"https:\/\/www.bahina.com\/fr\/wp-json\/wp\/v2\/product\/66666","targetHints":{"allow":["GET"]}}],"collection":[{"href":"https:\/\/www.bahina.com\/fr\/wp-json\/wp\/v2\/product"}],"about":[{"href":"https:\/\/www.bahina.com\/fr\/wp-json\/wp\/v2\/types\/product"}],"wp:featuredmedia":[{"embeddable":true,"href":"https:\/\/www.bahina.com\/fr\/wp-json\/wp\/v2\/media\/66658"}],"wp:attachment":[{"href":"https:\/\/www.bahina.com\/fr\/wp-json\/wp\/v2\/media?parent=66666"}],"wp:term":[{"taxonomy":"product_brand","embeddable":true,"href":"https:\/\/www.bahina.com\/fr\/wp-json\/wp\/v2\/product_brand?post=66666"},{"taxonomy":"product_cat","embeddable":true,"href":"https:\/\/www.bahina.com\/fr\/wp-json\/wp\/v2\/product_cat?post=66666"},{"taxonomy":"product_tag","embeddable":true,"href":"https:\/\/www.bahina.com\/fr\/wp-json\/wp\/v2\/product_tag?post=66666"},{"taxonomy":"product_colors","embeddable":true,"href":"https:\/\/www.bahina.com\/fr\/wp-json\/wp\/v2\/product_colors?post=66666"}],"curies":[{"name":"wp","href":"https:\/\/api.w.org\/{rel}","templated":true}]}}